{"id":988090,"date":"2020-10-05T12:44:35","date_gmt":"2020-10-05T10:44:35","guid":{"rendered":"https:\/\/camea.hr\/privacy-policy\/"},"modified":"2025-12-13T12:21:53","modified_gmt":"2025-12-13T11:21:53","slug":"privacy-policy","status":"publish","type":"page","link":"https:\/\/camea.hr\/en\/privacy-policy\/","title":{"rendered":"Privacy policy"},"content":{"rendered":"\t\t<div data-elementor-type=\"wp-page\" data-elementor-id=\"988090\" class=\"elementor elementor-988090 elementor-4354\" data-elementor-post-type=\"page\">\n\t\t\t\t\t\t<section class=\"elementor-section elementor-top-section elementor-element elementor-element-a2f2818 elementor-section-boxed elementor-section-height-default elementor-section-height-default\" data-id=\"a2f2818\" data-element_type=\"section\" data-e-type=\"section\">\n\t\t\t\t\t\t<div class=\"elementor-container elementor-column-gap-default\">\n\t\t\t\t\t<div class=\"elementor-column elementor-col-100 elementor-top-column elementor-element elementor-element-3f9c960\" data-id=\"3f9c960\" data-element_type=\"column\" data-e-type=\"column\">\n\t\t\t<div class=\"elementor-widget-wrap elementor-element-populated\">\n\t\t\t\t\t\t<div class=\"elementor-element elementor-element-54c10cc elementor-widget elementor-widget-text-editor\" data-id=\"54c10cc\" data-element_type=\"widget\" data-e-type=\"widget\" data-widget_type=\"text-editor.default\">\n\t\t\t\t<div class=\"elementor-widget-container\">\n\t\t\t\t\t\t\t\t\t<p>CAMEA KA\u010cINARI JEWELRY ATELIER, JURI\u0160I\u0106EVA 1, 10000 ZAGREB is committed to protecting the personal data of its customers by collecting only the necessary and basic customer\/user information required to fulfill our obligations. Customers are informed about how the collected data is used, and they are regularly given the opportunity to choose how their data is used, including the option to decide whether or not their name should be removed from lists used for marketing campaigns. All customer data is strictly safeguarded and accessible only to employees for whom such data is necessary to perform their duties. All employees of CAMEA KA\u010cINARI JEWELRY ATELIER JURI\u0160I\u0106EVA 1, 10000 ZAGREB, as well as its business partners, are responsible for adhering to the principles of privacy protection.  <\/p>\t\t\t\t\t\t\t\t<\/div>\n\t\t\t\t<\/div>\n\t\t\t\t<div class=\"elementor-element elementor-element-8129bdd elementor-widget elementor-widget-text-editor\" data-id=\"8129bdd\" data-element_type=\"widget\" data-e-type=\"widget\" data-widget_type=\"text-editor.default\">\n\t\t\t\t<div class=\"elementor-widget-container\">\n\t\t\t\t\t\t\t\t\t<p>CAMEA KA\u010cINARI JEWELRY ATELIER, JURI\u0160I\u0106EVA 1, 10000 ZAGREB is committed to protecting your personal data in accordance with the EU General Data Protection Regulation (GDPR). We recognize the importance of privacy, security, and data protection for users of our services and for all individuals who interact with us. Therefore, our goal is to ensure protection across all our operations and to implement consistent policies and procedures. This Privacy Statement informs you about our data protection practices and the choices you have regarding the collection and use of your personal data. This Privacy Statement applies to our website, domains, services, products, and all our employees. We kindly ask you to review the Privacy Policy \u2013 Personal Data Protection Policy (hereinafter: Privacy Policy) periodically, as any updates or changes will be published on this page.    <\/p>\t\t\t\t\t\t\t\t<\/div>\n\t\t\t\t<\/div>\n\t\t\t\t<div class=\"elementor-element elementor-element-8a3a269 elementor-widget elementor-widget-heading\" data-id=\"8a3a269\" data-element_type=\"widget\" data-e-type=\"widget\" data-widget_type=\"heading.default\">\n\t\t\t\t<div class=\"elementor-widget-container\">\n\t\t\t\t\t<h3 class=\"elementor-heading-title elementor-size-default\">Purpose of Collecting Personal Data<\/h3>\t\t\t\t<\/div>\n\t\t\t\t<\/div>\n\t\t\t\t<div class=\"elementor-element elementor-element-075d21b elementor-widget elementor-widget-text-editor\" data-id=\"075d21b\" data-element_type=\"widget\" data-e-type=\"widget\" data-widget_type=\"text-editor.default\">\n\t\t\t\t<div class=\"elementor-widget-container\">\n\t\t\t\t\t\t\t\t\t<p>We collect personal data primarily for the purpose of ensuring the provision of the requested service and for responding to your inquiries as efficiently as possible.<br>Your data is not forwarded to or shared with third parties.<\/p>\t\t\t\t\t\t\t\t<\/div>\n\t\t\t\t<\/div>\n\t\t\t\t<div class=\"elementor-element elementor-element-83df101 elementor-widget elementor-widget-heading\" data-id=\"83df101\" data-element_type=\"widget\" data-e-type=\"widget\" data-widget_type=\"heading.default\">\n\t\t\t\t<div class=\"elementor-widget-container\">\n\t\t\t\t\t<h3 class=\"elementor-heading-title elementor-size-default\">Data Covered by the Privacy Policy:<\/h3>\t\t\t\t<\/div>\n\t\t\t\t<\/div>\n\t\t\t\t<div class=\"elementor-element elementor-element-049c970 elementor-widget elementor-widget-text-editor\" data-id=\"049c970\" data-element_type=\"widget\" data-e-type=\"widget\" data-widget_type=\"text-editor.default\">\n\t\t\t\t<div class=\"elementor-widget-container\">\n\t\t\t\t\t\t\t\t\t<p>First and last name, Date of birth, Residential address, Email address, Telephone number, Personal Identification Number (OIB), Other information that you share with us and wish to remain confidential.<\/p>\t\t\t\t\t\t\t\t<\/div>\n\t\t\t\t<\/div>\n\t\t\t\t<div class=\"elementor-element elementor-element-ba2c0c7 elementor-widget elementor-widget-heading\" data-id=\"ba2c0c7\" data-element_type=\"widget\" data-e-type=\"widget\" data-widget_type=\"heading.default\">\n\t\t\t\t<div class=\"elementor-widget-container\">\n\t\t\t\t\t<h3 class=\"elementor-heading-title elementor-size-default\">Duration of the Privacy Policy<\/h3>\t\t\t\t<\/div>\n\t\t\t\t<\/div>\n\t\t\t\t<div class=\"elementor-element elementor-element-fa3f2a8 elementor-widget elementor-widget-text-editor\" data-id=\"fa3f2a8\" data-element_type=\"widget\" data-e-type=\"widget\" data-widget_type=\"text-editor.default\">\n\t\t\t\t<div class=\"elementor-widget-container\">\n\t\t\t\t\t\t\t\t\t<p>By submitting your personal data, you consent to being contacted by us and grant us the right to process your personal data in accordance with the stated purpose. The protection of your personal data is permanent. <\/p>\t\t\t\t\t\t\t\t<\/div>\n\t\t\t\t<\/div>\n\t\t\t\t<div class=\"elementor-element elementor-element-3259b4e elementor-widget elementor-widget-heading\" data-id=\"3259b4e\" data-element_type=\"widget\" data-e-type=\"widget\" data-widget_type=\"heading.default\">\n\t\t\t\t<div class=\"elementor-widget-container\">\n\t\t\t\t\t<h3 class=\"elementor-heading-title elementor-size-default\">Content of the Privacy Policy<\/h3>\t\t\t\t<\/div>\n\t\t\t\t<\/div>\n\t\t\t\t<div class=\"elementor-element elementor-element-b18644f elementor-widget elementor-widget-text-editor\" data-id=\"b18644f\" data-element_type=\"widget\" data-e-type=\"widget\" data-widget_type=\"text-editor.default\">\n\t\t\t\t<div class=\"elementor-widget-container\">\n\t\t\t\t\t\t\t\t\t<p>We collect and process your personal data in accordance with the provisions of the General Data Protection Regulation, EC 2019\/679. The collected data will be stored in an appropriate manner and its confidentiality will be ensured. The collected data will not be forwarded to third parties without your explicit consent. We collect only personal data that has been voluntarily provided to us. We do not require you to submit such data in order to allow access to our website, nor do we require you to disclose more data than is truly necessary to participate in any activity on our website. We will not send you unsolicited mail. We are not responsible for accidental errors or errors caused by force majeure or other objective circumstances that may result in an unintentional breach of the guaranteed protection of your data, but we guarantee that any such error will be remedied, where possible, as soon as possible. We do not sell, transfer, or disclose the personal data we collect to anyone outside our company without your permission.       <\/p>\t\t\t\t\t\t\t\t<\/div>\n\t\t\t\t<\/div>\n\t\t\t\t<div class=\"elementor-element elementor-element-fbc5c0f elementor-widget elementor-widget-heading\" data-id=\"fbc5c0f\" data-element_type=\"widget\" data-e-type=\"widget\" data-widget_type=\"heading.default\">\n\t\t\t\t<div class=\"elementor-widget-container\">\n\t\t\t\t\t<h3 class=\"elementor-heading-title elementor-size-default\">Data Confidentiality<\/h3>\t\t\t\t<\/div>\n\t\t\t\t<\/div>\n\t\t\t\t<div class=\"elementor-element elementor-element-931a51b elementor-widget elementor-widget-text-editor\" data-id=\"931a51b\" data-element_type=\"widget\" data-e-type=\"widget\" data-widget_type=\"text-editor.default\">\n\t\t\t\t<div class=\"elementor-widget-container\">\n\t\t\t\t\t\t\t\t\t<p>We wish to clearly state that when visiting this website, your personal data remains confidential, unless you voluntarily choose to disclose it to other parties.<\/p>\t\t\t\t\t\t\t\t<\/div>\n\t\t\t\t<\/div>\n\t\t\t\t<div class=\"elementor-element elementor-element-4bc3b5b elementor-widget elementor-widget-heading\" data-id=\"4bc3b5b\" data-element_type=\"widget\" data-e-type=\"widget\" data-widget_type=\"heading.default\">\n\t\t\t\t<div class=\"elementor-widget-container\">\n\t\t\t\t\t<h3 class=\"elementor-heading-title elementor-size-default\">Control<\/h3>\t\t\t\t<\/div>\n\t\t\t\t<\/div>\n\t\t\t\t<div class=\"elementor-element elementor-element-c39e07b elementor-widget elementor-widget-text-editor\" data-id=\"c39e07b\" data-element_type=\"widget\" data-e-type=\"widget\" data-widget_type=\"text-editor.default\">\n\t\t\t\t<div class=\"elementor-widget-container\">\n\t\t\t\t\t\t\t\t\t<p>An individual has the right to access the collection of personal data, request access to their personal data and modify it, the right to rectification, erasure, restriction of processing, objection, and data portability, and may withdraw consent for the use of personal data at any time, request a change of data, or deletion from the database. This can be done by sending a request to our Data Protection Officer in writing by post to the address: CAMEA KA\u010cINARI JEWELRY ATELIER, JURI\u0160I\u0106EVA 1, 10000 ZAGREB, or by sending a request via email to info@camea.hr. <\/p>\t\t\t\t\t\t\t\t<\/div>\n\t\t\t\t<\/div>\n\t\t\t\t<div class=\"elementor-element elementor-element-3596bcc elementor-widget elementor-widget-heading\" data-id=\"3596bcc\" data-element_type=\"widget\" data-e-type=\"widget\" data-widget_type=\"heading.default\">\n\t\t\t\t<div class=\"elementor-widget-container\">\n\t\t\t\t\t<h3 class=\"elementor-heading-title elementor-size-default\">Data Security<\/h3>\t\t\t\t<\/div>\n\t\t\t\t<\/div>\n\t\t\t\t<div class=\"elementor-element elementor-element-7855f20 elementor-widget elementor-widget-text-editor\" data-id=\"7855f20\" data-element_type=\"widget\" data-e-type=\"widget\" data-widget_type=\"text-editor.default\">\n\t\t\t\t<div class=\"elementor-widget-container\">\n\t\t\t\t\t\t\t\t\t<p>To ensure the security of data on our servers and to guarantee service availability to all users, this computer system uses software that monitors network visits and detects unauthorized attempts to upload or modify data, as well as activities that could otherwise cause damage. Unauthorized attempts to upload or modify data on this site are strictly prohibited. <\/p>\t\t\t\t\t\t\t\t<\/div>\n\t\t\t\t<\/div>\n\t\t\t\t<div class=\"elementor-element elementor-element-6fddeb7 elementor-widget elementor-widget-heading\" data-id=\"6fddeb7\" data-element_type=\"widget\" data-e-type=\"widget\" data-widget_type=\"heading.default\">\n\t\t\t\t<div class=\"elementor-widget-container\">\n\t\t\t\t\t<h3 class=\"elementor-heading-title elementor-size-default\">Server Statistics<\/h3>\t\t\t\t<\/div>\n\t\t\t\t<\/div>\n\t\t\t\t<div class=\"elementor-element elementor-element-d76e971 elementor-widget elementor-widget-text-editor\" data-id=\"d76e971\" data-element_type=\"widget\" data-e-type=\"widget\" data-widget_type=\"text-editor.default\">\n\t\t\t\t<div class=\"elementor-widget-container\">\n\t\t\t\t\t\t\t\t\t<p>Our servers use statistical software. These programs are a standard feature of all internet servers and are not specific only to our website. Such statistical programs allow us to adapt our website to be as efficient and user-friendly as possible for our visitors (determining which content is of greatest or least interest to users, adapting pages for individual web browsers, assessing the effectiveness of the site structure, and monitoring website traffic).  <\/p>\t\t\t\t\t\t\t\t<\/div>\n\t\t\t\t<\/div>\n\t\t\t\t<div class=\"elementor-element elementor-element-132b284 elementor-widget elementor-widget-heading\" data-id=\"132b284\" data-element_type=\"widget\" data-e-type=\"widget\" data-widget_type=\"heading.default\">\n\t\t\t\t<div class=\"elementor-widget-container\">\n\t\t\t\t\t<h3 class=\"elementor-heading-title elementor-size-default\">Use of Cookies<\/h3>\t\t\t\t<\/div>\n\t\t\t\t<\/div>\n\t\t\t\t<div class=\"elementor-element elementor-element-3bdc0d5 elementor-widget elementor-widget-text-editor\" data-id=\"3bdc0d5\" data-element_type=\"widget\" data-e-type=\"widget\" data-widget_type=\"text-editor.default\">\n\t\t\t\t<div class=\"elementor-widget-container\">\n\t\t\t\t\t\t\t\t\t<p>Cookies are small files that a website or its service provider transfers to your computer\u2019s hard drive, smartphone memory, or tablet via your web browser (if you allow it), enabling the website system or service provider to recognize your browser and store certain information. They are also used to help us understand your preferences based on previous or current activity on the website, which allows us to provide you with improved services. Cookies are also used to help collect aggregate data about website traffic and interaction, in order to offer a better user experience and improved tools in the future.  <\/p>\t\t\t\t\t\t\t\t<\/div>\n\t\t\t\t<\/div>\n\t\t\t\t<div class=\"elementor-element elementor-element-8c69dcc elementor-widget elementor-widget-heading\" data-id=\"8c69dcc\" data-element_type=\"widget\" data-e-type=\"widget\" data-widget_type=\"heading.default\">\n\t\t\t\t<div class=\"elementor-widget-container\">\n\t\t\t\t\t<h3 class=\"elementor-heading-title elementor-size-default\">If a User Disables Cookies in Their Browser:<\/h3>\t\t\t\t<\/div>\n\t\t\t\t<\/div>\n\t\t\t\t<div class=\"elementor-element elementor-element-ffc7670 elementor-widget elementor-widget-text-editor\" data-id=\"ffc7670\" data-element_type=\"widget\" data-e-type=\"widget\" data-widget_type=\"text-editor.default\">\n\t\t\t\t<div class=\"elementor-widget-container\">\n\t\t\t\t\t\t\t\t\t<p>If you disable cookies, some features will be disabled. This will turn off certain features that make your user experience on our website more efficient, and some of our services may not function properly. <\/p>\t\t\t\t\t\t\t\t<\/div>\n\t\t\t\t<\/div>\n\t\t\t\t<div class=\"elementor-element elementor-element-c0c0779 elementor-widget elementor-widget-heading\" data-id=\"c0c0779\" data-element_type=\"widget\" data-e-type=\"widget\" data-widget_type=\"heading.default\">\n\t\t\t\t<div class=\"elementor-widget-container\">\n\t\t\t\t\t<h3 class=\"elementor-heading-title elementor-size-default\">Email Communication<\/h3>\t\t\t\t<\/div>\n\t\t\t\t<\/div>\n\t\t\t\t<div class=\"elementor-element elementor-element-3768f1b elementor-widget elementor-widget-text-editor\" data-id=\"3768f1b\" data-element_type=\"widget\" data-e-type=\"widget\" data-widget_type=\"text-editor.default\">\n\t\t\t\t<div class=\"elementor-widget-container\">\n\t\t\t\t\t\t\t\t\t<p>When you send us electronic mail (email) containing personal data by which you can be identified, whether via an email inquiry or comment, or through a form submitted by email, we use this data solely for the purpose of fulfilling your request.<\/p>\t\t\t\t\t\t\t\t<\/div>\n\t\t\t\t<\/div>\n\t\t\t\t<div class=\"elementor-element elementor-element-9f2e6b4 elementor-widget elementor-widget-heading\" data-id=\"9f2e6b4\" data-element_type=\"widget\" data-e-type=\"widget\" data-widget_type=\"heading.default\">\n\t\t\t\t<div class=\"elementor-widget-container\">\n\t\t\t\t\t<h3 class=\"elementor-heading-title elementor-size-default\">Links<\/h3>\t\t\t\t<\/div>\n\t\t\t\t<\/div>\n\t\t\t\t<div class=\"elementor-element elementor-element-544b4e0 elementor-widget elementor-widget-text-editor\" data-id=\"544b4e0\" data-element_type=\"widget\" data-e-type=\"widget\" data-widget_type=\"text-editor.default\">\n\t\t\t\t<div class=\"elementor-widget-container\">\n\t\t\t\t\t\t\t\t\t<p>We make every effort to ensure that all redirects from our website lead to websites that do not contain illegal and\/or harmful content. However, websites and online addresses change rapidly, and we cannot always guarantee the content of every address to which we direct you. If you have any questions or concerns regarding our Privacy Policy or your experience with this website, please feel free to contact us.  <\/p>\t\t\t\t\t\t\t\t<\/div>\n\t\t\t\t<\/div>\n\t\t\t\t<div class=\"elementor-element elementor-element-04ba8b4 elementor-widget elementor-widget-heading\" data-id=\"04ba8b4\" data-element_type=\"widget\" data-e-type=\"widget\" data-widget_type=\"heading.default\">\n\t\t\t\t<div class=\"elementor-widget-container\">\n\t\t\t\t\t<h3 class=\"elementor-heading-title elementor-size-default\">Changes and Termination of Terms of Use<\/h3>\t\t\t\t<\/div>\n\t\t\t\t<\/div>\n\t\t\t\t<div class=\"elementor-element elementor-element-9928aca elementor-widget elementor-widget-text-editor\" data-id=\"9928aca\" data-element_type=\"widget\" data-e-type=\"widget\" data-widget_type=\"text-editor.default\">\n\t\t\t\t<div class=\"elementor-widget-container\">\n\t\t\t\t\t\t\t\t\t<p>CAMEA KA\u010cINARI JEWELRY ATELIER, JURI\u0160I\u0106EVA 1, 10000 ZAGREB reserves the right to modify or discontinue all or any part of this website and the terms of use at any time. Changes take effect upon publication on this address or when users are notified of them. <\/p>\t\t\t\t\t\t\t\t<\/div>\n\t\t\t\t<\/div>\n\t\t\t\t<div class=\"elementor-element elementor-element-db1fe7e elementor-widget elementor-widget-heading\" data-id=\"db1fe7e\" data-element_type=\"widget\" data-e-type=\"widget\" data-widget_type=\"heading.default\">\n\t\t\t\t<div class=\"elementor-widget-container\">\n\t\t\t\t\t<h3 class=\"elementor-heading-title elementor-size-default\">Contact us<\/h3>\t\t\t\t<\/div>\n\t\t\t\t<\/div>\n\t\t\t\t<div class=\"elementor-element elementor-element-d8ac4db elementor-widget elementor-widget-text-editor\" data-id=\"d8ac4db\" data-element_type=\"widget\" data-e-type=\"widget\" data-widget_type=\"text-editor.default\">\n\t\t\t\t<div class=\"elementor-widget-container\">\n\t\t\t\t\t\t\t\t\t<p>If you have any questions regarding privacy, please contact the person responsible for data protection:<\/p><p>e-mail: info@camea.hr<\/p><p>CAMEA KA\u010cINARI JEWELRY ATELIER, JURI\u0160I\u0106EVA 1, 10000 ZAGREB<\/p>\t\t\t\t\t\t\t\t<\/div>\n\t\t\t\t<\/div>\n\t\t\t\t\t<\/div>\n\t\t<\/div>\n\t\t\t\t\t<\/div>\n\t\t<\/section>\n\t\t\t\t<\/div>\n\t\t","protected":false},"excerpt":{"rendered":"<p>CAMEA KA\u010cINARI JEWELRY ATELIER, JURI\u0160I\u0106EVA 1, 10000 ZAGREB is committed to protecting the personal data of its customers by collecting only the necessary and basic customer\/user information required to fulfill our obligations. Customers are informed about how the collected data is used, and they are regularly given the opportunity to choose how their data is&#8230;<\/p>\n","protected":false},"author":1,"featured_media":0,"parent":0,"menu_order":0,"comment_status":"closed","ping_status":"closed","template":"","meta":{"footnotes":""},"class_list":["post-988090","page","type-page","status-publish","hentry"],"yoast_head":"<!-- This site is optimized with the Yoast SEO plugin v27.2 - https:\/\/yoast.com\/product\/yoast-seo-wordpress\/ -->\n<title>Privacy policy - Camea Ka\u010dinari Jewelry Atelier<\/title>\n<meta name=\"robots\" content=\"index, follow, max-snippet:-1, max-image-preview:large, max-video-preview:-1\" \/>\n<link rel=\"canonical\" href=\"https:\/\/camea.hr\/en\/privacy-policy\/\" \/>\n<meta property=\"og:locale\" content=\"en_US\" \/>\n<meta property=\"og:type\" content=\"article\" \/>\n<meta property=\"og:title\" content=\"Privacy policy - Camea Ka\u010dinari Jewelry Atelier\" \/>\n<meta property=\"og:description\" content=\"CAMEA KA\u010cINARI JEWELRY ATELIER, JURI\u0160I\u0106EVA 1, 10000 ZAGREB is committed to protecting the personal data of its customers by collecting only the necessary and basic customer\/user information required to fulfill our obligations. Customers are informed about how the collected data is used, and they are regularly given the opportunity to choose how their data is...\" \/>\n<meta property=\"og:url\" content=\"https:\/\/camea.hr\/en\/privacy-policy\/\" \/>\n<meta property=\"og:site_name\" content=\"Camea Ka\u010dinari Jewelry Atelier\" \/>\n<meta property=\"article:publisher\" content=\"https:\/\/www.facebook.com\/Zlatarna.Camea\" \/>\n<meta property=\"article:modified_time\" content=\"2025-12-13T11:21:53+00:00\" \/>\n<meta name=\"twitter:card\" content=\"summary_large_image\" \/>\n<meta name=\"twitter:label1\" content=\"Est. reading time\" \/>\n\t<meta name=\"twitter:data1\" content=\"6 minutes\" \/>\n<script type=\"application\/ld+json\" class=\"yoast-schema-graph\">{\"@context\":\"https:\/\/schema.org\",\"@graph\":[{\"@type\":\"WebPage\",\"@id\":\"https:\/\/camea.hr\/en\/privacy-policy\/\",\"url\":\"https:\/\/camea.hr\/en\/privacy-policy\/\",\"name\":\"Privacy policy - Camea Ka\u010dinari Jewelry Atelier\",\"isPartOf\":{\"@id\":\"https:\/\/camea.hr\/#website\"},\"datePublished\":\"2020-10-05T10:44:35+00:00\",\"dateModified\":\"2025-12-13T11:21:53+00:00\",\"breadcrumb\":{\"@id\":\"https:\/\/camea.hr\/en\/privacy-policy\/#breadcrumb\"},\"inLanguage\":\"en-US\",\"potentialAction\":[{\"@type\":\"ReadAction\",\"target\":[\"https:\/\/camea.hr\/en\/privacy-policy\/\"]}]},{\"@type\":\"BreadcrumbList\",\"@id\":\"https:\/\/camea.hr\/en\/privacy-policy\/#breadcrumb\",\"itemListElement\":[{\"@type\":\"ListItem\",\"position\":1,\"name\":\"Po\u010detna stranica\",\"item\":\"https:\/\/camea.hr\/\"},{\"@type\":\"ListItem\",\"position\":2,\"name\":\"Privacy policy\"}]},{\"@type\":\"WebSite\",\"@id\":\"https:\/\/camea.hr\/#website\",\"url\":\"https:\/\/camea.hr\/\",\"name\":\"Zlatarna Camea Ka\u010dinari\",\"description\":\"\",\"publisher\":{\"@id\":\"https:\/\/camea.hr\/#organization\"},\"potentialAction\":[{\"@type\":\"SearchAction\",\"target\":{\"@type\":\"EntryPoint\",\"urlTemplate\":\"https:\/\/camea.hr\/?s={search_term_string}\"},\"query-input\":{\"@type\":\"PropertyValueSpecification\",\"valueRequired\":true,\"valueName\":\"search_term_string\"}}],\"inLanguage\":\"en-US\"},{\"@type\":\"Organization\",\"@id\":\"https:\/\/camea.hr\/#organization\",\"name\":\"Camea Ka\u010dinari Jewelry Atelier\",\"url\":\"https:\/\/camea.hr\/\",\"logo\":{\"@type\":\"ImageObject\",\"inLanguage\":\"en-US\",\"@id\":\"https:\/\/camea.hr\/#\/schema\/logo\/image\/\",\"url\":\"https:\/\/camea.hr\/wp-content\/uploads\/2020\/02\/camea_web.png\",\"contentUrl\":\"https:\/\/camea.hr\/wp-content\/uploads\/2020\/02\/camea_web.png\",\"width\":1459,\"height\":417,\"caption\":\"Camea Ka\u010dinari Jewelry Atelier\"},\"image\":{\"@id\":\"https:\/\/camea.hr\/#\/schema\/logo\/image\/\"},\"sameAs\":[\"https:\/\/www.facebook.com\/Zlatarna.Camea\",\"https:\/\/www.instagram.com\/camea_kacinari\/\",\"https:\/\/www.linkedin.com\/company\/camea-kainari\/\"]}]}<\/script>\n<!-- \/ Yoast SEO plugin. -->","yoast_head_json":{"title":"Privacy policy - Camea Ka\u010dinari Jewelry Atelier","robots":{"index":"index","follow":"follow","max-snippet":"max-snippet:-1","max-image-preview":"max-image-preview:large","max-video-preview":"max-video-preview:-1"},"canonical":"https:\/\/camea.hr\/en\/privacy-policy\/","og_locale":"en_US","og_type":"article","og_title":"Privacy policy - Camea Ka\u010dinari Jewelry Atelier","og_description":"CAMEA KA\u010cINARI JEWELRY ATELIER, JURI\u0160I\u0106EVA 1, 10000 ZAGREB is committed to protecting the personal data of its customers by collecting only the necessary and basic customer\/user information required to fulfill our obligations. Customers are informed about how the collected data is used, and they are regularly given the opportunity to choose how their data is...","og_url":"https:\/\/camea.hr\/en\/privacy-policy\/","og_site_name":"Camea Ka\u010dinari Jewelry Atelier","article_publisher":"https:\/\/www.facebook.com\/Zlatarna.Camea","article_modified_time":"2025-12-13T11:21:53+00:00","twitter_card":"summary_large_image","twitter_misc":{"Est. reading time":"6 minutes"},"schema":{"@context":"https:\/\/schema.org","@graph":[{"@type":"WebPage","@id":"https:\/\/camea.hr\/en\/privacy-policy\/","url":"https:\/\/camea.hr\/en\/privacy-policy\/","name":"Privacy policy - Camea Ka\u010dinari Jewelry Atelier","isPartOf":{"@id":"https:\/\/camea.hr\/#website"},"datePublished":"2020-10-05T10:44:35+00:00","dateModified":"2025-12-13T11:21:53+00:00","breadcrumb":{"@id":"https:\/\/camea.hr\/en\/privacy-policy\/#breadcrumb"},"inLanguage":"en-US","potentialAction":[{"@type":"ReadAction","target":["https:\/\/camea.hr\/en\/privacy-policy\/"]}]},{"@type":"BreadcrumbList","@id":"https:\/\/camea.hr\/en\/privacy-policy\/#breadcrumb","itemListElement":[{"@type":"ListItem","position":1,"name":"Po\u010detna stranica","item":"https:\/\/camea.hr\/"},{"@type":"ListItem","position":2,"name":"Privacy policy"}]},{"@type":"WebSite","@id":"https:\/\/camea.hr\/#website","url":"https:\/\/camea.hr\/","name":"Zlatarna Camea Ka\u010dinari","description":"","publisher":{"@id":"https:\/\/camea.hr\/#organization"},"potentialAction":[{"@type":"SearchAction","target":{"@type":"EntryPoint","urlTemplate":"https:\/\/camea.hr\/?s={search_term_string}"},"query-input":{"@type":"PropertyValueSpecification","valueRequired":true,"valueName":"search_term_string"}}],"inLanguage":"en-US"},{"@type":"Organization","@id":"https:\/\/camea.hr\/#organization","name":"Camea Ka\u010dinari Jewelry Atelier","url":"https:\/\/camea.hr\/","logo":{"@type":"ImageObject","inLanguage":"en-US","@id":"https:\/\/camea.hr\/#\/schema\/logo\/image\/","url":"https:\/\/camea.hr\/wp-content\/uploads\/2020\/02\/camea_web.png","contentUrl":"https:\/\/camea.hr\/wp-content\/uploads\/2020\/02\/camea_web.png","width":1459,"height":417,"caption":"Camea Ka\u010dinari Jewelry Atelier"},"image":{"@id":"https:\/\/camea.hr\/#\/schema\/logo\/image\/"},"sameAs":["https:\/\/www.facebook.com\/Zlatarna.Camea","https:\/\/www.instagram.com\/camea_kacinari\/","https:\/\/www.linkedin.com\/company\/camea-kainari\/"]}]}},"_links":{"self":[{"href":"https:\/\/camea.hr\/en\/wp-json\/wp\/v2\/pages\/988090","targetHints":{"allow":["GET"]}}],"collection":[{"href":"https:\/\/camea.hr\/en\/wp-json\/wp\/v2\/pages"}],"about":[{"href":"https:\/\/camea.hr\/en\/wp-json\/wp\/v2\/types\/page"}],"author":[{"embeddable":true,"href":"https:\/\/camea.hr\/en\/wp-json\/wp\/v2\/users\/1"}],"replies":[{"embeddable":true,"href":"https:\/\/camea.hr\/en\/wp-json\/wp\/v2\/comments?post=988090"}],"version-history":[{"count":1,"href":"https:\/\/camea.hr\/en\/wp-json\/wp\/v2\/pages\/988090\/revisions"}],"predecessor-version":[{"id":988091,"href":"https:\/\/camea.hr\/en\/wp-json\/wp\/v2\/pages\/988090\/revisions\/988091"}],"wp:attachment":[{"href":"https:\/\/camea.hr\/en\/wp-json\/wp\/v2\/media?parent=988090"}],"curies":[{"name":"wp","href":"https:\/\/api.w.org\/{rel}","templated":true}]}}